{"id":7,"date":"2009-07-09T10:13:06","date_gmt":"2009-07-09T08:13:06","guid":{"rendered":"http:\/\/www.jourdefetemareuil.com\/?page_id=7"},"modified":"2026-02-27T16:44:20","modified_gmt":"2026-02-27T15:44:20","slug":"ils-sont-venus","status":"publish","type":"page","link":"https:\/\/jourdefetemareuil.com\/?page_id=7","title":{"rendered":"Ils sont venus !"},"content":{"rendered":"<p>Ils sont maintenant de nombreux artistes professionnels \u00e0 avoir permis \u00e0 notre association de vous proposer de bons moments\u00a0en venant \u00e0 Mareuil\u00a0:<\/p>\n<ul>\n<li>\u00a0\u00a0\u00a0\u00a0\u00a0 <strong>Sla\u00efnte<\/strong><\/li>\n<li>\u00a0\u00a0\u00a0\u00a0\u00a0 <strong>Compagnie les Pieds dans le Plat<\/strong><\/li>\n<li>\u00a0\u00a0\u00a0\u00a0\u00a0 <strong>Les petite faiblesses <\/strong><\/li>\n<li>\u00a0\u00a0\u00a0\u00a0\u00a0 <strong>Karim Ammour ( <\/strong><strong><a href=\"http:\/\/www.myspace.com\/karimammour\">http:\/\/www.myspace.com\/karimammour<\/a><\/strong><strong> )<\/strong><\/li>\n<li>\u00a0\u00a0\u00a0\u00a0\u00a0 <strong>Bernad\u00e8te Bidaude (<a href=\"http:\/\/bernadetebidaude.club.fr\/index.html\">http:\/\/bernadetebidaude.club.fr\/index.html<\/a> )<\/strong><\/li>\n<li>\u00a0\u00a0\u00a0\u00a0\u00a0 <strong>M\u00e9lo Blues<\/strong><\/li>\n<li>\u00a0\u00a0\u00a0\u00a0\u00a0 <strong>Rue Pijane (<a href=\"http:\/\/rue.pijane.free.fr\/\">http:\/\/rue.pijane.free.fr\/<\/a> )<\/strong><\/li>\n<li>\u00a0\u00a0\u00a0\u00a0\u00a0 <strong>Th\u00e9\u00e2tre l\u2019Ecarquille (<a href=\"http:\/\/www.cda-blog-asso.com\/ecarquille-theatre\">http:\/\/www.cda-blog-asso.com\/ecarquille-theatre<\/a> )<\/strong><\/li>\n<li>\u00a0\u00a0\u00a0\u00a0\u00a0 <strong>Xavier Merlet (<a href=\"http:\/\/www.xaviermerlet.com\/index.php\">http:\/\/www.xaviermerlet.com\/index.php<\/a> )<\/strong><\/li>\n<li>\u00a0\u00a0\u00a0\u00a0\u00a0 <strong>Alain Sourigues (<a href=\"http:\/\/www.myspace.com\/alainsourigues\">http:\/\/www.myspace.com\/alainsourigues<\/a> )<\/strong><\/li>\n<li>\u00a0\u00a0\u00a0\u00a0\u00a0 <strong>Th\u00e9\u00e2tre le Noyau <\/strong><\/li>\n<li>\u00a0\u00a0\u00a0\u00a0\u00a0 <strong>Th\u00e9\u00e2tre du ch\u00eane vert (<a href=\"http:\/\/www.theatreduchenevert.com\/\">http:\/\/www.theatreduchenevert.com\/<\/a> )<\/strong><\/li>\n<li>\u00a0\u00a0\u00a0\u00a0\u00a0 <strong>Astuce et compagnie (<a href=\"http:\/\/www.astuceetcompagnie.fr\/\">http:\/\/www.astuceetcompagnie.fr\/<\/a> )<\/strong><\/li>\n<li>\u00a0\u00a0\u00a0\u00a0\u00a0 <strong>Amadou et Saramaya (<a href=\"http:\/\/www.amadousanfo.com\/\">http:\/\/www.amadousanfo.com\/<\/a> )<\/strong><\/li>\n<li>\u00a0\u00a0\u00a0\u00a0\u00a0 <strong>Cool Jazz duo (<a href=\"http:\/\/www.info-groupe.com\/cooljazzduo\/\">http:\/\/www.info-groupe.com\/cooljazzduo\/<\/a> )<\/strong><\/li>\n<li>\u00a0\u00a0\u00a0\u00a0\u00a0 <strong>Shango Blues Band (<a href=\"http:\/\/shango.objectis.net\/\">http:\/\/shango.objectis.net\/<\/a> )<\/strong><\/li>\n<li>\u00a0\u00a0\u00a0\u00a0\u00a0 <strong>Sweet Mamma (<a href=\"http:\/\/franel.free.fr\/\">http:\/\/franel.free.fr\/<\/a> )<\/strong><\/li>\n<li>\u00a0\u00a0\u00a0\u00a0\u00a0 <strong>Ginkobiloba (<a href=\"http:\/\/www.myspace.com\/ginkobiloba\">http:\/\/www.myspace.com\/ginkobiloba<\/a> )<\/strong><\/li>\n<li>\u00a0\u00a0\u00a0\u00a0\u00a0 <strong>Marianne Cambournac (<a href=\"http:\/\/www.marianneayaomac.com\/\">http:\/\/www.marianneayaomac.com\/<\/a> )<\/strong><\/li>\n<li>\u00a0\u00a0\u00a0\u00a0\u00a0 <strong>Alice et C\u00e9cile (<a href=\"http:\/\/aliceetcecile.com\/fr\/\">http:\/\/aliceetcecile.com\/fr\/<\/a> )<\/strong><\/li>\n<li>\u00a0\u00a0\u00a0\u00a0\u00a0 <strong>Compagnie Grizzli Philibert Tambour (\u00a0<span style=\"color: #0000ff;\"><a href=\"http:\/\/www.theatre-grizzli.fr\">http:\/\/www.theatre-grizzli.fr<\/a> )\u00a0<\/span><\/strong><\/li>\n<li>\u00a0\u00a0\u00a0\u00a0\u00a0 <strong>Yannick Jaulin (<a href=\"http:\/\/www.yannickjaulin.com\/\">http:\/\/www.yannickjaulin.com\/<\/a> )<\/strong><\/li>\n<li>\u00a0\u00a0\u00a0\u00a0\u00a0 <strong>Bab Librion (<a href=\"http:\/\/blibrion.googlepages.com\/home\">http:\/\/blibrion.googlepages.com\/home<\/a> )<\/strong><\/li>\n<li>\u00a0\u00a0\u00a0\u00a0\u00a0 <strong>Compagnie Quelqu\u2019uns (<a href=\"http:\/\/www.quelquuns.org\/\">http:\/\/www.quelquuns.org\/<\/a> )<\/strong><\/li>\n<li>\u00a0\u00a0\u00a0\u00a0\u00a0 <strong>Matthieu Bouchet (<a href=\"http:\/\/www.myspace.com\/matthieubouchet\">http:\/\/www.myspace.com\/matthieubouchet<\/a> )<\/strong><\/li>\n<li>\u00a0\u00a0\u00a0\u00a0\u00a0 <strong>Herv\u00e9 Akrich (<a href=\"http:\/\/herveakrich.free.fr\/\">http:\/\/herveakrich.free.fr\/<\/a> )<\/strong><\/li>\n<li>\u00a0\u00a0\u00a0\u00a0\u00a0 <strong>Camel A (<a href=\"http:\/\/www.myspace.com\/camelamusic\">http:\/\/www.myspace.com\/camelamusic<\/a> )<\/strong><\/li>\n<li>\u00a0\u00a0\u00a0\u00a0\u00a0 <strong>Les Blaireaux (<a href=\"http:\/\/les.blaireaux.free.fr\/\">http:\/\/les.blaireaux.free.fr\/<\/a> )<\/strong><\/li>\n<li>\u00a0\u00a0\u00a0\u00a0\u00a0 <strong>G\u00e9rard Morel (<a href=\"http:\/\/www.gerardmorel.com\/\">http:\/\/www.gerardmorel.com\/<\/a> )<\/strong><\/li>\n<li>\u00a0\u00a0\u00a0\u00a0\u00a0 <strong>Les joyeux urbains (<a href=\"http:\/\/www.joyeuxurbains.com\/\">http:\/\/www.joyeuxurbains.com\/<\/a> )<\/strong><\/li>\n<li>\u00a0\u00a0\u00a0\u00a0\u00a0 <strong>Quartet buccal (<\/strong><strong><a href=\"http:\/\/quartetbuccal.free.fr\/\">http:\/\/quartetbuccal.free.fr\/<\/a><\/strong><strong> )<\/strong><\/li>\n<li>\u00a0\u00a0\u00a0\u00a0\u00a0 <strong>Les Ptits t\u2019hommes (<a href=\"http:\/\/www.lesptitsthommes.fr\/\">http:\/\/www.lesptitsthommes.fr\/<\/a> )<\/strong><\/li>\n<li>\u00a0\u00a0\u00a0\u00a0\u00a0 <strong>La Cana (<a href=\"http:\/\/www.info-groupe.com\/lacana\/\">http:\/\/www.info-groupe.com\/lacana\/<\/a> )<\/strong><\/li>\n<li>\u00a0\u00a0\u00a0\u00a0\u00a0 <strong>Lili Marto (<a href=\"http:\/\/www.lilimarto.com\/\">http:\/\/www.lilimarto.com\/<\/a> )<\/strong><\/li>\n<li>\u00a0\u00a0\u00a0\u00a0\u00a0 <strong>Atlantic Steel Band (<a href=\"http:\/\/www.calypsatlantic.com\/\">http:\/\/www.calypsatlantic.com\/<\/a> )<\/strong><\/li>\n<li>\u00a0\u00a0\u00a0\u00a0\u00a0 <strong>Ma valise (<a href=\"http:\/\/www.mavalise.com\/\">http:\/\/www.mavalise.com\/<\/a> )<\/strong><\/li>\n<li>\u00a0\u00a0\u00a0\u00a0\u00a0 <strong>G\u00e9rard Pierron (<a href=\"http:\/\/www.gerard-pierron.org\/\">http:\/\/www.gerard-pierron.org\/<\/a> )<\/strong><\/li>\n<li>\u00a0\u00a0\u00a0\u00a0\u00a0 <strong>Kaf la Kour (<a href=\"http:\/\/kaflakour974.skyrock.com\/\">http:\/\/kaflakour974.skyrock.com\/<\/a> )<\/strong><\/li>\n<li>\u00a0\u00a0\u00a0\u00a0\u00a0 <strong>Hippo Tam Tam (<\/strong><strong><a href=\"http:\/\/www.hippotamtam-spectacle.com\/\">http:\/\/www.hippotamtam-spectacle.com\/<\/a><\/strong><strong> )<\/strong><\/li>\n<li><strong>\u00a0\u00a0\u00a0\u00a0\u00a0 Monsieur PYL (<a href=\"http:\/\/www.monsieurpyl.free.fr\/\">http:\/\/www.<cite><strong>monsieurpyl<\/strong>.free.fr\/<\/cite><\/a>\u00a0) <\/strong><\/li>\n<li><strong>\u00a0\u00a0\u00a0\u00a0\u00a0 Bordelune (<a href=\"http:\/\/www.bordelune.fr\/\">http:\/\/www.bordelune.fr\/<\/a> )<\/strong><\/li>\n<li><strong>\u00a0\u00a0\u00a0\u00a0\u00a0 Thierry Ouvrard (<a href=\"http:\/\/www.myspace.com\/215121494\">http:\/\/www.myspace.com\/215121494<\/a>\u00a0 )<\/strong><\/li>\n<li><strong>\u00a0\u00a0\u00a0\u00a0\u00a0 Fabien Mornet (<a href=\"http:\/\/www.myspace.com\/fabienmornet\">http:\/\/www.myspace.com\/fabienmornet<\/a> )<\/strong><\/li>\n<li><strong>\u00a0\u00a0\u00a0\u00a0\u00a0 Donin (<a href=\"http:\/\/www.doninspectacle.com\/\">http:\/\/www.doninspectacle.com\/<\/a> )<\/strong><\/li>\n<li><strong>\u00a0\u00a0\u00a0\u00a0\u00a0 Nico Trio<\/strong><\/li>\n<li><strong>\u00a0\u00a0\u00a0\u00a0\u00a0 Jean-Michel Piton (<a href=\"http:\/\/www.myspace.com\/jeanmichelpiton\">http:\/\/www.myspace.com\/jeanmichelpiton<\/a> )<\/strong><\/li>\n<li><strong>\u00a0\u00a0\u00a0\u00a0\u00a0 Balmino (<a href=\"http:\/\/www.myspace.com\/balmino\">http:\/\/www.myspace.com\/balmino<\/a> )<\/strong><\/li>\n<li><strong>\u00a0\u00a0\u00a0\u00a0\u00a0 Fr\u00e9d\u00e9ric David, conteur (https:\/\/www.facebook.com\/fred.spirale )\u00a0<\/strong><\/li>\n<li><strong>\u00a0\u00a0\u00a0\u00a0\u00a0 Les \u00e9chapp\u00e9s de Sangatte (<a href=\"http:\/\/www.echappesdesangatte.fr\/www.echappesdesangatte.fr\/cartographie.html\">http:\/\/www.echappesdesangatte.fr\/www.echappesdesangatte.fr\/cartographie.html<\/a> )<\/strong><\/li>\n<li><strong>\u00a0\u00a0\u00a0\u00a0\u00a0 Vlad (<a href=\"http:\/\/www.myspace.com\/vladislaw7%29\">http:\/\/www.myspace.com\/vladislaw7)<\/a><\/strong><\/li>\n<li><strong>\u00a0\u00a0\u00a0\u00a0\u00a0 Sex Feat<\/strong><\/li>\n<li><strong>\u00a0\u00a0\u00a0\u00a0\u00a0 Cabadzi (<a href=\"http:\/\/www.myspace.com\/cabadzi\">http:\/\/www.myspace.com\/cabadzi<\/a> )<\/strong><\/li>\n<li><strong>\u00a0\u00a0\u00a0\u00a0\u00a0 Batlik (<a href=\"http:\/\/www.abrulepourpoint.com\/\">http:\/\/www.abrulepourpoint.com\/<\/a> )<\/strong><\/li>\n<li><strong>\u00a0\u00a0\u00a0\u00a0\u00a0 Thomas Pitiot (<a href=\"http:\/\/www.thomaspitiot.net\/\">http:\/\/www.thomaspitiot.net\/<\/a> )<\/strong><\/li>\n<li><strong>\u00a0\u00a0\u00a0\u00a0\u00a0 La trompette d&rsquo;occasion (<a href=\"http:\/\/www.myspace.com\/310182799\">http:\/\/www.myspace.com\/310182799<\/a> )<\/strong><\/li>\n<li><strong>\u00a0\u00a0\u00a0\u00a0\u00a0 Compagnie Alume Ciel (<a href=\"http:\/\/www.alumeciel.com\/\">http:\/\/www.alumeciel.com\/<\/a> )<\/strong><\/li>\n<li><strong>\u00a0\u00a0\u00a0\u00a0\u00a0 Compagnie IO Th\u00e9\u00e2tre\u00a0<\/strong><\/li>\n<li><strong>\u00a0\u00a0\u00a0\u00a0\u00a0 Marion Martineau<\/strong><\/li>\n<li>\u00a0\u00a0\u00a0\u00a0\u00a0<strong> Cin\u00e9 Concert L&rsquo;ombre d&rsquo;un nuage (<a href=\"http:\/\/www.ombre-nuage.com\/\">http:\/\/www.ombre-nuage.com\/<\/a> )<\/strong><\/li>\n<li>\u00a0 \u00a0\u00a0 <strong>Wally ( <a href=\"http:\/\/www.lebazardewally.com\">http:\/\/www.lebazardewally.com<\/a> )<\/strong><\/li>\n<li><strong>\u00a0\u00a0\u00a0\u00a0\u00a0 Les delfes\u00a0 ( <a href=\"http:\/\/www.myspace.com\/lesdelfes\">http:\/\/www.myspace.com\/lesdelfes<\/a>)<\/strong><\/li>\n<li>\u00a0\u00a0\u00a0 <strong>JeHaN (<strong><a href=\"http:\/\/www.jehan.fr\/\" target=\"_blank\" rel=\"noopener noreferrer\">www.jehan.fr<\/a> <\/strong>)<\/strong><\/li>\n<li>\u00a0\u00a0\u00a0<strong><strong> Amari famili (:\u00a0<a href=\"http:\/\/www.myspace.com\/amarifamili\">http:\/\/www.myspace.com\/amarifamili<\/a>\u00a0 )<br \/><\/strong><\/strong><\/li>\n<li><strong>\u00a0\u00a0\u00a0 Nevch\u00e9 (<a href=\"http:\/\/nevchehirlian.com\/\">http:\/\/nevchehirlian.com\/<\/a> )<\/strong><\/li>\n<li><strong>\u00a0\u00a0\u00a0 Lisidor (<a href=\"http:\/\/www.lisidor.fr\/\">http:\/\/www.lisidor.fr\/<\/a> )<\/strong><\/li>\n<li><strong>\u00a0\u00a0\u00a0 Alain Moisan (<a href=\"http:\/\/www.alain-moisan.com\/\">http:\/\/www.alain-moisan.com\/<\/a> )<\/strong><\/li>\n<li><strong>\u00a0\u00a0\u00a0 Compagnie l\u2019oiseau na\u00eff (<a href=\"https:\/\/assolepontdesarts.wordpress.com\/les-compagnies\/loiseau-naif\/\">https:\/\/assolepontdesarts.wordpress.com\/les-compagnies\/loiseau-naif\/<\/a> )<\/strong><\/li>\n<li><strong>\u00a0\u00a0\u00a0 Beach Band des Sables (<a href=\"https:\/\/www.bbsjazzbigband.com\/\">https:\/\/www.bbsjazzbigband.com\/<\/a> )<\/strong><\/li>\n<li><strong>\u00a0\u00a0\u00a0 Niob\u00e9 (<a href=\"http:\/\/jpniobe.wixsite.com\/niobe-site\">http:\/\/jpniobe.wixsite.com\/niobe-site<\/a> )<\/strong><\/li>\n<li><strong>\u00a0\u00a0 Julie Delaunay (<a href=\"http:\/\/juliedelaunay.blogspot.fr\/\">http:\/\/juliedelaunay.blogspot.fr\/<\/a> )<\/strong><\/li>\n<li><strong>\u00a0\u00a0 Compagnie Croche (<a href=\"http:\/\/www.croche.fr\/\">http:\/\/www.croche.fr\/<\/a> )<\/strong><\/li>\n<li><strong>\u00a0\u00a0 Morro (<a href=\"https:\/\/www.facebook.com\/morro.page.officielle\/\">https:\/\/www.facebook.com\/morro.page.officielle\/<\/a> )<\/strong><\/li>\n<li><strong>\u00a0\u00a0 Entre 2 caisses (<a href=\"http:\/\/entre2caisses.com\/\">http:\/\/entre2caisses.com\/<\/a> )<\/strong><\/li>\n<li><strong>\u00a0\u00a0 La Charanga Mestica (<a href=\"http:\/\/www.lacharangamestica.com\/\">http:\/\/www.lacharangamestica.com\/<\/a> )<\/strong><\/li>\n<li><strong>\u00a0\u00a0 Thomas Pitiot (<a href=\"http:\/\/www.thomaspitiot.net\/\">http:\/\/www.thomaspitiot.net\/<\/a> )<\/strong><\/li>\n<li><strong>\u00a0\u00a0 Kl\u00f4 Pelgag (<a href=\"http:\/\/klopelgag.com\/\">http:\/\/klopelgag.com\/<\/a> )<\/strong><\/li>\n<li><strong>\u00a0\u00a0 J\u00e9r\u00e9mie Bossone (<a href=\"http:\/\/www.jeremiebossone.com\/\">http:\/\/www.jeremiebossone.com\/<\/a> )<\/strong><\/li>\n<li><strong>\u00a0\u00a0 Compagnie la martingale (<a href=\"https:\/\/www.lamartingale.com\/\">https:\/\/www.lamartingale.com\/<\/a> )<\/strong><\/li>\n<li><strong>\u00a0\u00a0 Les Fr\u00e8res Brothers (<a href=\"http:\/\/www.xfbooking.fr\/les-freres-brothers\/\">http:\/\/www.xfbooking.fr\/les-freres-brothers\/<\/a> )<\/strong><\/li>\n<li><strong>\u00a0\u00a0 Le Ballet Urbain (<a href=\"http:\/\/www.leballeturbain.fr\/\">http:\/\/www.leballeturbain.fr\/<\/a> )<\/strong><\/li>\n<li><strong>\u00a0\u00a0 Balbazar (<a href=\"https:\/\/www.balbazar.net\/\">https:\/\/www.balbazar.net\/<\/a> )<\/strong><\/li>\n<li><strong>\u00a0\u00a0 Gatshen\u2019s (<a href=\"https:\/\/www.gatshens.com\/\">https:\/\/www.gatshens.com\/<\/a> )<\/strong><\/li>\n<li><strong>\u00a0 Compagnie Anaya (<a href=\"http:\/\/www.manafina.fr\/anaya\/\">http:\/\/www.manafina.fr\/anaya\/<\/a> )<\/strong><\/li>\n<li><strong>\u00a0\u00a0 Zygos Brass Band (<a href=\"http:\/\/zygos.fr\/\">http:\/\/zygos.fr\/<\/a> )<\/strong><\/li>\n<li><strong>\u00a0 Laurent Deschamps (<a href=\"http:\/\/www.laurentdeschamps.com\/\">http:\/\/www.laurentdeschamps.com\/<\/a> )<\/strong><\/li>\n<li><strong>\u00a0\u00a0 Fr\u00e9d\u00e9ric Fromet (<a href=\"https:\/\/www.fredericfromet.fr\/\">https:\/\/www.fredericfromet.fr\/<\/a> )<\/strong><\/li>\n<li><strong>\u00a0\u00a0 La Fausse Compagnie (<a href=\"https:\/\/www.facebook.com\/faussecompagnie\/\">https:\/\/www.facebook.com\/faussecompagnie\/<\/a> )<\/strong><\/li>\n<li><strong>\u00a0 Compagnie le Chat qui guette (<a href=\"http:\/\/lechatquiguette.com\/\">http:\/\/lechatquiguette.com\/<\/a> )<\/strong><\/li>\n<li><strong>\u00a0\u00a0 Sylvain Giro ( <a href=\"https:\/\/www.facebook.com\/sylvaingiro\/\">https:\/\/www.facebook.com\/sylvaingiro\/<\/a> )<\/strong><\/li>\n<li><strong>\u00a0 David Lafore (<a href=\"https:\/\/davidlafore.fr\/\">https:\/\/davidlafore.fr\/<\/a> )<\/strong><\/li>\n<li><strong>\u00a0 Compagnie Toubab\u2019Ouh (<a href=\"https:\/\/www.boumboumproduction.com\/cie-toubabouh\">https:\/\/www.boumboumproduction.com\/cie-toubabouh<\/a> )<\/strong><\/li>\n<li><strong>\u00a0 Scratchophone Orchestra (<a href=\"http:\/\/scratchophoneorchestra.com\/\">http:\/\/scratchophoneorchestra.com\/<\/a> )<\/strong><\/li>\n<li><strong>\u00a0\u00a0Erwan Pinard (<a href=\"https:\/\/www.facebook.com\/erwanpinardofficiel\/\">https:\/\/www.facebook.com\/erwanpinardofficiel\/<\/a> )<\/strong><\/li>\n<li><strong>\u00a0\u00a0<\/strong><strong>Bonbon Vodou (<a href=\"http:\/\/www.bonbonvodou.fr\/home.html\">http:\/\/www.bonbonvodou.fr\/home.html<\/a> )<\/strong><\/li>\n<li><strong>Lady Do et monsieur Papa (<a href=\"https:\/\/www.facebook.com\/ladydoetmonsieurpapa\/\">https:\/\/www.facebook.com\/ladydoetmonsieurpapa\/<\/a> )<\/strong><\/li>\n<li><strong>Bel Viaggio ( <a href=\"http:\/\/www.belviaggio.fr\/\">http:\/\/www.belviaggio.fr\/<\/a> )<\/strong><\/li>\n<li><strong>Norkito (<a href=\"http:\/\/www.norkito.fr\/\">http:\/\/www.norkito.fr\/<\/a> )<\/strong><\/li>\n<li><strong>Compagnie le Pitre Sage (<a href=\"https:\/\/lapetiteboucheriedubonheur.com\/cie-du-pitre-sage\/\">https:\/\/lapetiteboucheriedubonheur.com\/cie-du-pitre-sage\/<\/a> )<\/strong><\/li>\n<li><strong>L\u00e9opoldine HH (http:\/\/leopoldinehh.com\/ )<\/strong><\/li>\n<li><a href=\"https:\/\/www.betty-boibrut.fr\/\"><strong>Apr\u00e8s la Pluie (https:\/\/www.apres-la-pluie.com\/ )<\/strong><\/a><\/li>\n<li><a href=\"https:\/\/www.betty-boibrut.fr\/\"><strong>Gabriel Saglio et les Vieilles Pies (https:\/\/www.gabrielsaglio.fr\/ )<\/strong><\/a><\/li>\n<li><a href=\"https:\/\/www.betty-boibrut.fr\/\"><strong>Messieurs Messieurs (https:\/\/messieursmessieurs.wixsite.com\/messieurs-messieurs)<\/strong><\/a><\/li>\n<li><a href=\"https:\/\/www.betty-boibrut.fr\/\"><strong>Nola Spirit (https:\/\/www.facebook.com\/pg\/NolaSpirit\/posts\/ )<\/strong><\/a><\/li>\n<li><a href=\"https:\/\/www.betty-boibrut.fr\/\"><strong>Orchestre Jazz Ecole de Musique Sud Vend\u00e9e Littoral<\/strong><\/a><\/li>\n<li><a href=\"https:\/\/www.betty-boibrut.fr\/\"><strong>Rouquine ( https:\/\/www.facebook.com\/rouquineofficiel\/<\/strong><\/a><\/li>\n<li><a href=\"https:\/\/www.betty-boibrut.fr\/\"><strong>Ben Herbert Larue ( https:\/\/benherbertlarue.com\/\u00a0 \u00a0)<\/strong><\/a><\/li>\n<li><a href=\"https:\/\/www.betty-boibrut.fr\/\"><strong>Th\u00e9\u00e2tre de l&rsquo;Equinoxe (\u00a0https:\/\/www.facebook.com\/theatrequinoxe\/ )<\/strong><\/a><\/li>\n<li><a href=\"https:\/\/www.betty-boibrut.fr\/\"><strong>Chanson d&rsquo;Occasion (\u00a0https:\/\/www.facebook.com\/ChansondoccasionOfficiel\/?locale=fr_FR )<\/strong><\/a><\/li>\n<li><a href=\"https:\/\/www.betty-boibrut.fr\/\"><strong>Collectif Mordicus (\u00a0https:\/\/collectifmordicus.fr\/ )<\/strong><\/a><\/li>\n<li><a href=\"https:\/\/www.betty-boibrut.fr\/\"><strong>Compagnie aux Petites Valises (\u00a0https:\/\/www.boumboumproduction.com\/cie-auxptitesvalises )<\/strong><\/a><\/li>\n<li><a href=\"https:\/\/www.betty-boibrut.fr\/\"><strong>Claudine Leb\u00e8gue (\u00a0http:\/\/claudine.lebegue.free.fr\/ )<\/strong><\/a><\/li>\n<li><a href=\"https:\/\/www.betty-boibrut.fr\/\"><b>\u00a0K\u00f9zylarsen (\u00a0 https:\/\/www.facebook.com\/KUZYLARSEN\/ )<\/b><\/a><\/li>\n<li><a href=\"https:\/\/www.betty-boibrut.fr\/\"><strong>Manu Galure (\u00a0https:\/\/www.manugalure.com\/ )<\/strong><\/a><\/li>\n<li><a href=\"https:\/\/www.betty-boibrut.fr\/\"><strong>Compagnie Ernesti Barytoni (\u00a0https:\/\/www.ernestobarytoni.com\/ )<\/strong><\/a><\/li>\n<li><a href=\"https:\/\/www.betty-boibrut.fr\/\"><strong>Melissmell ( https:\/\/melissmell.art\/ )<\/strong><\/a><\/li>\n<li><a href=\"https:\/\/www.betty-boibrut.fr\/\"><strong>Petit(E) (\u00a0https:\/\/madamesuzie.com\/fr\/petite )<\/strong><\/a><\/li>\n<li><a href=\"https:\/\/www.betty-boibrut.fr\/\"><strong>Compagnie Et Voil\u00e0 (https:\/\/associationpoissonpilote.fr\/et-voila\/ )<\/strong><\/a><\/li>\n<li><a href=\"https:\/\/www.betty-boibrut.fr\/\"><strong>Klakba (\u00a0https:\/\/www.klakba.com\/ )<\/strong><\/a><\/li>\n<li><a href=\"https:\/\/www.betty-boibrut.fr\/\"><strong>Des Fourmis dans les Mains ( https:\/\/www.desfourmisdanslesmains.com\/accueil.html\u00a0)<\/strong><\/a><\/li>\n<li><a href=\"https:\/\/www.betty-boibrut.fr\/\"><strong>Compagnie Betty Boibrut ( https:\/\/www.betty-boibrut.fr\/)<\/strong><\/a><\/li>\n<li><b>Baptiste Ventadour ( <a href=\"https:\/\/www.velvetcoliseum.com\/baptisteventadour\/\">https:\/\/www.velvetcoliseum.com\/baptisteventadour\/<\/a> )<\/b><\/li>\n<li><b>Yoanna ( <a href=\"https:\/\/www.yoanna.fr\/\">https:\/\/www.yoanna.fr\/<\/a> )<\/b><\/li>\n<li><b>Les poissons Voyageurs ( <a href=\"https:\/\/www.lespoissonsvoyageurs.com\/le-concert\/\">https:\/\/www.lespoissonsvoyageurs.com\/le-concert\/<\/a> )<\/b><\/li>\n<li>\n<p><b>Oracasse ( <a href=\"https:\/\/www.oracasse.com\/\">https:\/\/www.oracasse.com\/<\/a> )<\/b><\/p>\n<\/li>\n<li><strong>Marion Rouxin ( https:\/\/709prod.fr\/marion-rouxin-fille-ou-garcon\/ )<\/strong><\/li>\n<li><strong>Compagnie le Chat Fou ( https:\/\/www.cielechatfou.com\/ )<\/strong><\/li>\n<li><strong>Blaubird ( https:\/\/blaubird.com\/ )<\/strong><\/li>\n<li><strong>Petite Gueule ( https:\/\/adone-productions.com\/portfolio_page\/petite-gueule\/)<\/strong><\/li>\n<li><strong>Vaslo ( https:\/\/vaslo-officiel.com\/ )<\/strong><\/li>\n<li><strong>Compagnie Messieurs Messieurs ( https:\/\/messieursmessieurs.wixsite.com\/messieurs-messieurs )<\/strong><\/li>\n<li><strong>La Tchoutchouka ( https:\/\/www.latchoutchouka.com\/ )<\/strong><\/li>\n<\/ul>\n\n\n<p><\/p>\n","protected":false},"excerpt":{"rendered":"<a href=\"https:\/\/jourdefetemareuil.com\/?page_id=7\"><img loading=\"lazy\" decoding=\"async\" width=\"150\" height=\"150\" src=\"https:\/\/jourdefetemareuil.com\/wp-content\/plugins\/thumbnail-for-excerpts\/tfe_no_thumb.png\" class=\"alignleft wp-post-image tfe\" alt=\"\" title=\"\" \/><\/a><p>Ils sont maintenant de nombreux artistes professionnels \u00e0 avoir permis \u00e0 notre association de vous proposer de bons moments\u00a0en venant \u00e0 Mareuil\u00a0: \u00a0\u00a0\u00a0\u00a0\u00a0 Sla\u00efnte \u00a0\u00a0\u00a0\u00a0\u00a0 Compagnie les Pieds dans le Plat \u00a0\u00a0\u00a0\u00a0\u00a0 Les petite faiblesses \u00a0\u00a0\u00a0\u00a0\u00a0 Karim Ammour ( http:\/\/www.myspace.com\/karimammour ) \u00a0\u00a0\u00a0\u00a0\u00a0 Bernad\u00e8te Bidaude (http:\/\/bernadetebidaude.club.fr\/index.html ) \u00a0\u00a0\u00a0\u00a0\u00a0 M\u00e9lo Blues \u00a0\u00a0\u00a0\u00a0\u00a0 Rue Pijane (http:\/\/rue.pijane.free.fr\/ ) \u00a0\u00a0\u00a0\u00a0\u00a0 [&hellip;]<\/p>\n","protected":false},"author":1,"featured_media":0,"parent":0,"menu_order":0,"comment_status":"open","ping_status":"open","template":"","meta":{"footnotes":""},"class_list":["post-7","page","type-page","status-publish","hentry"],"_links":{"self":[{"href":"https:\/\/jourdefetemareuil.com\/index.php?rest_route=\/wp\/v2\/pages\/7","targetHints":{"allow":["GET"]}}],"collection":[{"href":"https:\/\/jourdefetemareuil.com\/index.php?rest_route=\/wp\/v2\/pages"}],"about":[{"href":"https:\/\/jourdefetemareuil.com\/index.php?rest_route=\/wp\/v2\/types\/page"}],"author":[{"embeddable":true,"href":"https:\/\/jourdefetemareuil.com\/index.php?rest_route=\/wp\/v2\/users\/1"}],"replies":[{"embeddable":true,"href":"https:\/\/jourdefetemareuil.com\/index.php?rest_route=%2Fwp%2Fv2%2Fcomments&post=7"}],"version-history":[{"count":18,"href":"https:\/\/jourdefetemareuil.com\/index.php?rest_route=\/wp\/v2\/pages\/7\/revisions"}],"predecessor-version":[{"id":937,"href":"https:\/\/jourdefetemareuil.com\/index.php?rest_route=\/wp\/v2\/pages\/7\/revisions\/937"}],"wp:attachment":[{"href":"https:\/\/jourdefetemareuil.com\/index.php?rest_route=%2Fwp%2Fv2%2Fmedia&parent=7"}],"curies":[{"name":"wp","href":"https:\/\/api.w.org\/{rel}","templated":true}]}}